{"id":1623,"date":"2022-05-24T11:51:46","date_gmt":"2022-05-24T11:51:46","guid":{"rendered":"https:\/\/www.vox-communications.com\/cinestar-paketi\/"},"modified":"2025-12-05T14:35:42","modified_gmt":"2025-12-05T14:35:42","slug":"cinestar-packages","status":"publish","type":"page","link":"https:\/\/www.vox-communications.com\/en\/cinestar-packages\/","title":{"rendered":"CineStar packages"},"content":{"rendered":"\n<p>As important as the shooting script is for movies, so is a high-quality media mix for advertising! We have created advertising packages for you that can be further customized to suit your needs.<\/p>\n","protected":false},"excerpt":{"rendered":"<p>Za vas smo kreirali ogla\u0161iva\u010dke pakete koje mo\u017eemo i dodatno prilagoditi va\u0161im potrebama.<\/p>\n","protected":false},"author":6,"featured_media":0,"parent":0,"menu_order":0,"comment_status":"closed","ping_status":"closed","template":"template-packages.php","meta":{"_acf_changed":false,"footnotes":""},"class_list":["post-1623","page","type-page","status-publish","hentry"],"acf":[],"_links":{"self":[{"href":"https:\/\/www.vox-communications.com\/en\/wp-json\/wp\/v2\/pages\/1623","targetHints":{"allow":["GET"]}}],"collection":[{"href":"https:\/\/www.vox-communications.com\/en\/wp-json\/wp\/v2\/pages"}],"about":[{"href":"https:\/\/www.vox-communications.com\/en\/wp-json\/wp\/v2\/types\/page"}],"author":[{"embeddable":true,"href":"https:\/\/www.vox-communications.com\/en\/wp-json\/wp\/v2\/users\/6"}],"replies":[{"embeddable":true,"href":"https:\/\/www.vox-communications.com\/en\/wp-json\/wp\/v2\/comments?post=1623"}],"version-history":[{"count":4,"href":"https:\/\/www.vox-communications.com\/en\/wp-json\/wp\/v2\/pages\/1623\/revisions"}],"predecessor-version":[{"id":3382,"href":"https:\/\/www.vox-communications.com\/en\/wp-json\/wp\/v2\/pages\/1623\/revisions\/3382"}],"wp:attachment":[{"href":"https:\/\/www.vox-communications.com\/en\/wp-json\/wp\/v2\/media?parent=1623"}],"curies":[{"name":"wp","href":"https:\/\/api.w.org\/{rel}","templated":true}]}}